{"id":1168,"date":"2021-07-04T15:22:45","date_gmt":"2021-07-04T15:22:45","guid":{"rendered":"http:\/\/localhost:8888\/royarch\/?page_id=10"},"modified":"2023-10-02T15:11:27","modified_gmt":"2023-10-02T15:11:27","slug":"home-2","status":"publish","type":"page","link":"https:\/\/villaedda.com\/index.php\/home-2\/","title":{"rendered":"Nosotros"},"content":{"rendered":"\t\t<div data-elementor-type=\"wp-page\" data-elementor-id=\"1168\" class=\"elementor elementor-1168\">\n\t\t\t\t\t\t<section class=\"elementor-section elementor-top-section elementor-element elementor-element-9075fd3 elementor-section-boxed elementor-section-height-default elementor-section-height-default\" data-id=\"9075fd3\" data-element_type=\"section\">\n\t\t\t\t\t\t<div class=\"elementor-container elementor-column-gap-default\">\n\t\t\t\t\t<div class=\"elementor-column elementor-col-100 elementor-top-column elementor-element elementor-element-cb0626d\" data-id=\"cb0626d\" data-element_type=\"column\">\n\t\t\t<div class=\"elementor-widget-wrap elementor-element-populated\">\n\t\t\t\t\t\t<div class=\"elementor-element elementor-element-ca319e3 elementor-widget elementor-widget-slider_revolution\" data-id=\"ca319e3\" data-element_type=\"widget\" data-widget_type=\"slider_revolution.default\">\n\t\t\t\t<div class=\"elementor-widget-container\">\n\t\t\t\t\t\n\t\t<div class=\"wp-block-themepunch-revslider\">\n\t\t\t<!-- START Slider Home 2 REVOLUTION SLIDER 6.5.8 --><p class=\"rs-p-wp-fix\"><\/p>\n\t\t\t<rs-module-wrap id=\"rev_slider_1_1_wrapper\" data-source=\"gallery\" style=\"visibility:hidden;background:transparent;padding:0;margin:0px auto;margin-top:0;margin-bottom:0;\">\n\t\t\t\t<rs-module id=\"rev_slider_1_1\" style=\"\" data-version=\"6.5.8\">\n\t\t\t\t\t<rs-slides>\n\t\t\t\t\t\t<rs-slide style=\"position: absolute;\" data-key=\"rs-1\" data-title=\"Slide\" data-anim=\"p:dark;f:center;\" data-in=\"o:0;sx:1.1;sy:1.1;m:true;row:30;col:30;\" data-out=\"a:false;\">\n\t\t\t\t\t\t\t<img fetchpriority=\"high\" decoding=\"async\" data-src=\"\/\/villaedda.com\/wp-content\/plugins\/slider-revolution\/public\/assets\/assets\/dummy.png\" title=\"20230828_082829\" width=\"2560\" height=\"1441\" class=\"rev-slidebg tp-rs-img rs-lazyload\" data-lazyload=\"\/\/villaedda.com\/wp-content\/uploads\/2023\/10\/20230828_082829-scaled.jpg\" data-no-retina>\n<!---->\t\t\t\t\t\t<\/rs-slide>\n\t\t\t\t\t<\/rs-slides>\n\t\t\t\t<\/rs-module>\n\t\t\t\t<script type=\"text\/javascript\">\n\t\t\t\t\tsetREVStartSize({c: 'rev_slider_1_1',rl:[1240,1024,778,480],el:[600,540,960,720],gw:[1240,1024,778,480],gh:[600,540,960,720],type:'standard',justify:'',layout:'fullwidth',mh:\"0\"});if (window.RS_MODULES!==undefined && window.RS_MODULES.modules!==undefined && window.RS_MODULES.modules[\"revslider11\"]!==undefined) {window.RS_MODULES.modules[\"revslider11\"].once = false;window.revapi1 = undefined;if (window.RS_MODULES.checkMinimal!==undefined) window.RS_MODULES.checkMinimal()}\n\t\t\t\t<\/script>\n\t\t\t<\/rs-module-wrap>\n\t\t\t<!-- END REVOLUTION SLIDER -->\n<\/div>\n\n\t\t\t\t\t\t<\/div>\n\t\t\t\t<\/div>\n\t\t\t\t<div class=\"elementor-element elementor-element-2af4694 elementor-widget elementor-widget-heading\" data-id=\"2af4694\" data-element_type=\"widget\" data-widget_type=\"heading.default\">\n\t\t\t\t<div class=\"elementor-widget-container\">\n\t\t\t\t\t<h2 class=\"elementor-heading-title elementor-size-default\">Nosotros<\/h2>\t\t\t\t<\/div>\n\t\t\t\t<\/div>\n\t\t\t\t<div class=\"elementor-element elementor-element-74d1bd2 elementor-widget__width-initial e-transform elementor-widget elementor-widget-text-editor\" data-id=\"74d1bd2\" data-element_type=\"widget\" data-settings=\"{&quot;_transform_translateY_effect&quot;:{&quot;unit&quot;:&quot;px&quot;,&quot;size&quot;:-17,&quot;sizes&quot;:[]},&quot;_transform_translateX_effect&quot;:{&quot;unit&quot;:&quot;px&quot;,&quot;size&quot;:&quot;&quot;,&quot;sizes&quot;:[]},&quot;_transform_translateX_effect_tablet&quot;:{&quot;unit&quot;:&quot;px&quot;,&quot;size&quot;:&quot;&quot;,&quot;sizes&quot;:[]},&quot;_transform_translateX_effect_mobile&quot;:{&quot;unit&quot;:&quot;px&quot;,&quot;size&quot;:&quot;&quot;,&quot;sizes&quot;:[]},&quot;_transform_translateY_effect_tablet&quot;:{&quot;unit&quot;:&quot;px&quot;,&quot;size&quot;:&quot;&quot;,&quot;sizes&quot;:[]},&quot;_transform_translateY_effect_mobile&quot;:{&quot;unit&quot;:&quot;px&quot;,&quot;size&quot;:&quot;&quot;,&quot;sizes&quot;:[]}}\" data-widget_type=\"text-editor.default\">\n\t\t\t\t<div class=\"elementor-widget-container\">\n\t\t\t\t\t\t\t\t\t<p style=\"text-align: left;\">Venimos a cambiar la forma en que vivimos, combinando la comodidad de la vida urbana con la armon\u00eda de la naturaleza. Ciudadela Villa Edda es un proyecto urban\u00edstico e industrial que se enfocar\u00e1 en la construcci\u00f3n de una ciudad autosustentable.<\/p>\t\t\t\t\t\t\t\t<\/div>\n\t\t\t\t<\/div>\n\t\t\t\t\t<\/div>\n\t\t<\/div>\n\t\t\t\t\t<\/div>\n\t\t<\/section>\n\t\t\t\t<section class=\"elementor-section elementor-top-section elementor-element elementor-element-003b763 elementor-section-boxed elementor-section-height-default elementor-section-height-default\" data-id=\"003b763\" data-element_type=\"section\">\n\t\t\t\t\t\t<div class=\"elementor-container elementor-column-gap-default\">\n\t\t\t\t\t<div class=\"elementor-column elementor-col-100 elementor-top-column elementor-element elementor-element-73c4e2f\" data-id=\"73c4e2f\" data-element_type=\"column\">\n\t\t\t<div class=\"elementor-widget-wrap elementor-element-populated\">\n\t\t\t\t\t\t<div class=\"elementor-element elementor-element-b625253 elementor-widget elementor-widget-text-editor\" data-id=\"b625253\" data-element_type=\"widget\" data-widget_type=\"text-editor.default\">\n\t\t\t\t<div class=\"elementor-widget-container\">\n\t\t\t\t\t\t\t\t\t<p>Nuestra historia<\/p>\t\t\t\t\t\t\t\t<\/div>\n\t\t\t\t<\/div>\n\t\t\t\t<div class=\"elementor-element elementor-element-20912ce elementor-widget elementor-widget-heading\" data-id=\"20912ce\" data-element_type=\"widget\" data-widget_type=\"heading.default\">\n\t\t\t\t<div class=\"elementor-widget-container\">\n\t\t\t\t\t<h2 class=\"elementor-heading-title elementor-size-default\">\u00bfPor qu\u00e9 Villa Edda?<\/h2>\t\t\t\t<\/div>\n\t\t\t\t<\/div>\n\t\t\t\t<div class=\"elementor-element elementor-element-321d0ba elementor-widget elementor-widget-text-editor\" data-id=\"321d0ba\" data-element_type=\"widget\" data-widget_type=\"text-editor.default\">\n\t\t\t\t<div class=\"elementor-widget-container\">\n\t\t\t\t\t\t\t\t\t<p>En lo profundo de la Ciudadela Villa Edda se encuentra una historia familiar \u00fanica que ha servido de inspiraci\u00f3n para un proyecto revolucionario. El nombre de la que ser\u00e1 una vibrante comunidad autosustentable proviene de Edda Valenzuela Escalante, la amada abuela de uno de los responsables de este ambicioso proyecto.<\/p>\n<p>La Ciudadela Villa Edda ser\u00e1 mucho m\u00e1s que un simple desarrollo urbano. Buscar\u00e1 redefinir el concepto de ciudad y crear un entorno que sea amigable tanto social como ambientalmente. Aqu\u00ed, la sustentabilidad y la armon\u00eda con la naturaleza ser\u00e1n los pilares fundamentales<\/p>\t\t\t\t\t\t\t\t<\/div>\n\t\t\t\t<\/div>\n\t\t\t\t\t<\/div>\n\t\t<\/div>\n\t\t\t\t\t<\/div>\n\t\t<\/section>\n\t\t\t\t<\/div>\n\t\t","protected":false},"excerpt":{"rendered":"<p>Nosotros Venimos a cambiar la forma en que vivimos, combinando la comodidad de la vida urbana con la armon\u00eda de la naturaleza. Ciudadela Villa Edda es un proyecto urban\u00edstico e industrial que se enfocar\u00e1 en la construcci\u00f3n de una ciudad autosustentable. Nuestra historia \u00bfPor qu\u00e9 Villa Edda? En lo profundo de la Ciudadela Villa Edda <\/p>\n","protected":false},"author":3,"featured_media":0,"parent":0,"menu_order":0,"comment_status":"closed","ping_status":"closed","template":"","meta":{"footnotes":""},"aioseo_notices":[],"_links":{"self":[{"href":"https:\/\/villaedda.com\/index.php\/wp-json\/wp\/v2\/pages\/1168"}],"collection":[{"href":"https:\/\/villaedda.com\/index.php\/wp-json\/wp\/v2\/pages"}],"about":[{"href":"https:\/\/villaedda.com\/index.php\/wp-json\/wp\/v2\/types\/page"}],"author":[{"embeddable":true,"href":"https:\/\/villaedda.com\/index.php\/wp-json\/wp\/v2\/users\/3"}],"replies":[{"embeddable":true,"href":"https:\/\/villaedda.com\/index.php\/wp-json\/wp\/v2\/comments?post=1168"}],"version-history":[{"count":26,"href":"https:\/\/villaedda.com\/index.php\/wp-json\/wp\/v2\/pages\/1168\/revisions"}],"predecessor-version":[{"id":1894,"href":"https:\/\/villaedda.com\/index.php\/wp-json\/wp\/v2\/pages\/1168\/revisions\/1894"}],"wp:attachment":[{"href":"https:\/\/villaedda.com\/index.php\/wp-json\/wp\/v2\/media?parent=1168"}],"curies":[{"name":"wp","href":"https:\/\/api.w.org\/{rel}","templated":true}]}}